{"id":1513,"date":"2023-10-21T14:03:02","date_gmt":"2023-10-21T12:03:02","guid":{"rendered":"https:\/\/www.acocia-agaps.com\/?post_type=product&#038;p=1513"},"modified":"2023-10-21T14:05:05","modified_gmt":"2023-10-21T12:05:05","slug":"le-logiciel-easybnc","status":"publish","type":"product","link":"https:\/\/02.work.loveangel1337.ovh\/index.php\/produit\/le-logiciel-easybnc\/","title":{"rendered":"Le logiciel EASYBNC"},"content":{"rendered":"<p>Vous pr\u00e9f\u00e9rez faire les choses vous-m\u00eame\u00a0!<\/p>\n<p>Le logiciel EasyBNC a \u00e9t\u00e9 con\u00e7u pour des \u00ab\u00a0non comptables\u00a0\u00bb\u00a0! Il vous permet de tenir vous-m\u00eame, tr\u00e8s facilement, votre comptabilit\u00e9. Il est simple, pratique et intuitif.<\/p>\n<p>Un point important\u00a0: c\u2019est un logiciel qui vous \u00ab\u00a0laisse la main\u00a0\u00bb. M\u00eame si, pour vous faire gagner du temps, EasyBNC int\u00e8gre automatiquement vos \u00e9critures bancaires, vous conservez toute la maitrise pour affecter vos d\u00e9penses comme vous le souhaitez.<\/p>\n<p>Ce tarif vous donne acc\u00e8s au logiciel et \u00e0 ses \u00e9volutions. Sont \u00e9galement incluses la formation initiale et l\u2019assistance technique.<\/p>\n","protected":false},"excerpt":{"rendered":"<p>e logiciel EasyBNC a \u00e9t\u00e9 con\u00e7u pour des \u00ab\u00a0non comptables\u00a0\u00bb\u00a0! Il vous permet de tenir vous-m\u00eame, tr\u00e8s facilement, votre comptabilit\u00e9. Il est simple, pratique et intuitif.<\/p>\n","protected":false},"featured_media":569,"template":"","meta":[],"product_cat":[29],"product_tag":[],"class_list":{"0":"post-1513","1":"product","2":"type-product","3":"status-publish","4":"has-post-thumbnail","5":"hentry","6":"product_cat-non-classe","8":"entry","9":"has-media","10":"owp-thumbs-layout-horizontal","11":"owp-btn-normal","12":"owp-tabs-layout-horizontal","13":"has-no-thumbnails","14":"has-product-nav"},"_links":{"self":[{"href":"https:\/\/02.work.loveangel1337.ovh\/index.php\/wp-json\/wp\/v2\/product\/1513","targetHints":{"allow":["GET"]}}],"collection":[{"href":"https:\/\/02.work.loveangel1337.ovh\/index.php\/wp-json\/wp\/v2\/product"}],"about":[{"href":"https:\/\/02.work.loveangel1337.ovh\/index.php\/wp-json\/wp\/v2\/types\/product"}],"wp:featuredmedia":[{"embeddable":true,"href":"https:\/\/02.work.loveangel1337.ovh\/index.php\/wp-json\/wp\/v2\/media\/569"}],"wp:attachment":[{"href":"https:\/\/02.work.loveangel1337.ovh\/index.php\/wp-json\/wp\/v2\/media?parent=1513"}],"wp:term":[{"taxonomy":"product_cat","embeddable":true,"href":"https:\/\/02.work.loveangel1337.ovh\/index.php\/wp-json\/wp\/v2\/product_cat?post=1513"},{"taxonomy":"product_tag","embeddable":true,"href":"https:\/\/02.work.loveangel1337.ovh\/index.php\/wp-json\/wp\/v2\/product_tag?post=1513"}],"curies":[{"name":"wp","href":"https:\/\/api.w.org\/{rel}","templated":true}]}}