{"id":1385,"date":"2023-10-18T17:51:34","date_gmt":"2023-10-18T15:51:34","guid":{"rendered":"https:\/\/www.acocia-agaps.com\/?post_type=product&#038;p=1385"},"modified":"2023-10-21T14:02:14","modified_gmt":"2023-10-21T12:02:14","slug":"accompagnement","status":"publish","type":"product","link":"https:\/\/02.work.loveangel1337.ovh\/index.php\/produit\/accompagnement\/","title":{"rendered":"L\u2019assistance et le conseil"},"content":{"rendered":"<p>Avec ce service, vous obtenez par t\u00e9l\u00e9phone, par mail ou sur rendez-vous, des solutions et des r\u00e9ponses \u00e0 vos interrogations en mati\u00e8re comptable et fiscale et nous vous aiderons \u00e0 faire des choix pour certaines d\u00e9cisions de gestion. Prenons quelques exemples tr\u00e8s concrets et tr\u00e8s op\u00e9rationnels :<\/p>\n<ul>\n<li>Dois-je amortir mon local ?<\/li>\n<li>Quels types de frais sont d\u00e9ductibles ?<\/li>\n<li>Dois-je acheter ma voiture en leasing ?<\/li>\n<\/ul>\n<p>Vous pouvez \u00e9galement poser des questions d&rsquo;ordre g\u00e9n\u00e9ral dans les domaines juridique ou en droit du travail. Comme par exemple :<\/p>\n<ul>\n<li>Pourquoi et comment cr\u00e9er une SCI ?<\/li>\n<li>Comment se pr\u00e9parer \u00e0 un contr\u00f4le fiscal ?<\/li>\n<li>Quelles sont les proc\u00e9dures de licenciement ?<\/li>\n<\/ul>\n<p>Cette formule vous permet aussi :<\/p>\n<ul>\n<li>D\u2019acc\u00e9der au portail de saisie en ligne d\u2019ACOCIA-AGAPS pour l&rsquo;\u00e9laboration de la 2035.<\/li>\n<li>Le contr\u00f4le par un comptable chevronn\u00e9 de votre d\u00e9claration avant sa t\u00e9l\u00e9transmission aux services fiscaux, limitant ainsi le risque de contr\u00f4le fiscal.<\/li>\n<li>L&rsquo;\u00e9laboration de votre dossier de pr\u00e9vention des risques \u00e9conomiques nous permettant de vous alerter sur votre situation si n\u00e9cessaire.<\/li>\n<\/ul>\n","protected":false},"excerpt":{"rendered":"<p>Avec ce service, vous obtenez par t\u00e9l\u00e9phone, par mail ou sur rendez-vous, des solutions et des r\u00e9ponses \u00e0 vos interrogations en mati\u00e8re comptable et fiscale et nous vous aiderons \u00e0 faire des choix pour certaines d\u00e9cisions de gestion.<\/p>\n","protected":false},"featured_media":569,"template":"","meta":[],"product_cat":[29],"product_tag":[],"class_list":{"0":"post-1385","1":"product","2":"type-product","3":"status-publish","4":"has-post-thumbnail","5":"hentry","6":"product_cat-non-classe","8":"entry","9":"has-media","10":"owp-thumbs-layout-horizontal","11":"owp-btn-normal","12":"owp-tabs-layout-horizontal","13":"has-no-thumbnails","14":"has-product-nav"},"_links":{"self":[{"href":"https:\/\/02.work.loveangel1337.ovh\/index.php\/wp-json\/wp\/v2\/product\/1385","targetHints":{"allow":["GET"]}}],"collection":[{"href":"https:\/\/02.work.loveangel1337.ovh\/index.php\/wp-json\/wp\/v2\/product"}],"about":[{"href":"https:\/\/02.work.loveangel1337.ovh\/index.php\/wp-json\/wp\/v2\/types\/product"}],"wp:featuredmedia":[{"embeddable":true,"href":"https:\/\/02.work.loveangel1337.ovh\/index.php\/wp-json\/wp\/v2\/media\/569"}],"wp:attachment":[{"href":"https:\/\/02.work.loveangel1337.ovh\/index.php\/wp-json\/wp\/v2\/media?parent=1385"}],"wp:term":[{"taxonomy":"product_cat","embeddable":true,"href":"https:\/\/02.work.loveangel1337.ovh\/index.php\/wp-json\/wp\/v2\/product_cat?post=1385"},{"taxonomy":"product_tag","embeddable":true,"href":"https:\/\/02.work.loveangel1337.ovh\/index.php\/wp-json\/wp\/v2\/product_tag?post=1385"}],"curies":[{"name":"wp","href":"https:\/\/api.w.org\/{rel}","templated":true}]}}