{"id":1384,"date":"2023-10-18T17:31:22","date_gmt":"2023-10-18T15:31:22","guid":{"rendered":"https:\/\/www.acocia-agaps.com\/?post_type=product&#038;p=1384"},"modified":"2023-10-21T14:00:32","modified_gmt":"2023-10-21T12:00:32","slug":"accompagnement-2","status":"publish","type":"product","link":"https:\/\/02.work.loveangel1337.ovh\/index.php\/produit\/accompagnement-2\/","title":{"rendered":"L\u2019adh\u00e9sion de base"},"content":{"rendered":"<p style=\"text-align: left;\">C\u2019est la premi\u00e8re \u00e9tape !<br \/>\nCette adh\u00e9sion couvre :<\/p>\n<ul style=\"text-align: left;\">\n<li>Les frais de gestion administrative de votre dossier.<\/li>\n<li>Les frais de t\u00e9l\u00e9transmission de vos d\u00e9clarations.<\/li>\n<\/ul>\n<p style=\"text-align: left;\">Elle vous donne acc\u00e8s \u00e0 :<\/p>\n<ul>\n<li style=\"text-align: left;\">Une base de connaissances gr\u00e2ce \u00e0 une documentation fiscale r\u00e9guli\u00e8rement mise \u00e0 jour.<\/li>\n<li style=\"text-align: left;\">Des statistiques professionnelles.<\/li>\n<li style=\"text-align: left;\">De l&rsquo;information gr\u00e2ce \u00e0 un fil d&rsquo;actualit\u00e9 permanent et \u00e0 des newsletters.<\/li>\n<li style=\"text-align: left;\">Des flash info et des bulletins de liaison pour vous alerter sur des d\u00e9lais, sur des nouveaut\u00e9s particuli\u00e8res\u2026<\/li>\n<li style=\"text-align: left;\">Des outils de calculs automatiques (indemnit\u00e9s kilom\u00e9trique\u2026).<\/li>\n<li style=\"text-align: left;\">Des mod\u00e8les d&rsquo;imprim\u00e9s et de documents obligatoires.<\/li>\n<li style=\"text-align: left;\">Un nouvel outil, sp\u00e9cialement d\u00e9velopp\u00e9 pour les professions lib\u00e9rales, pour vous faciliter le calcul des charges sociales obligatoires.<\/li>\n<li style=\"text-align: left;\">Nos offres de service r\u00e9serv\u00e9s \u00e0 nos membres auxquels vous pouvez souscrire librement en fonction de ce dont vous avez besoin et de votre profil.<\/li>\n<li style=\"text-align: left;\">Si vous \u00eates sous le r\u00e9gime Micro BNC c&rsquo;est cette formule qui vous convient !<\/li>\n<\/ul>\n","protected":false},"excerpt":{"rendered":"<p style=\"text-align: left;\">C\u2019est la premi\u00e8re \u00e9tape !<br \/>\nCette adh\u00e9sion couvre :<\/p>\n<ul style=\"text-align: left;\">\n<li>Les frais de gestion administrative de votre dossier.<\/li>\n<li>Les frais de t\u00e9l\u00e9transmission de vos d\u00e9clarations.<\/li>\n<\/ul>\n","protected":false},"featured_media":1257,"template":"","meta":[],"product_cat":[31],"product_tag":[30],"class_list":{"0":"post-1384","1":"product","2":"type-product","3":"status-publish","4":"has-post-thumbnail","5":"hentry","6":"product_cat-cotisation-de-base","7":"product_tag-cotisation-de-base","9":"entry","10":"has-media","11":"owp-thumbs-layout-horizontal","12":"owp-btn-normal","13":"owp-tabs-layout-horizontal","14":"has-no-thumbnails","15":"has-product-nav"},"_links":{"self":[{"href":"https:\/\/02.work.loveangel1337.ovh\/index.php\/wp-json\/wp\/v2\/product\/1384","targetHints":{"allow":["GET"]}}],"collection":[{"href":"https:\/\/02.work.loveangel1337.ovh\/index.php\/wp-json\/wp\/v2\/product"}],"about":[{"href":"https:\/\/02.work.loveangel1337.ovh\/index.php\/wp-json\/wp\/v2\/types\/product"}],"wp:featuredmedia":[{"embeddable":true,"href":"https:\/\/02.work.loveangel1337.ovh\/index.php\/wp-json\/wp\/v2\/media\/1257"}],"wp:attachment":[{"href":"https:\/\/02.work.loveangel1337.ovh\/index.php\/wp-json\/wp\/v2\/media?parent=1384"}],"wp:term":[{"taxonomy":"product_cat","embeddable":true,"href":"https:\/\/02.work.loveangel1337.ovh\/index.php\/wp-json\/wp\/v2\/product_cat?post=1384"},{"taxonomy":"product_tag","embeddable":true,"href":"https:\/\/02.work.loveangel1337.ovh\/index.php\/wp-json\/wp\/v2\/product_tag?post=1384"}],"curies":[{"name":"wp","href":"https:\/\/api.w.org\/{rel}","templated":true}]}}