{"id":331,"date":"2023-09-20T08:25:07","date_gmt":"2023-09-20T06:25:07","guid":{"rendered":"https:\/\/www.acocia-agaps.com\/?page_id=331"},"modified":"2023-10-18T13:06:13","modified_gmt":"2023-10-18T11:06:13","slug":"actualites","status":"publish","type":"page","link":"https:\/\/02.work.loveangel1337.ovh\/index.php\/actualites\/","title":{"rendered":"Actualit\u00e9s"},"content":{"rendered":"\t\t<div data-elementor-type=\"wp-page\" data-elementor-id=\"331\" class=\"elementor elementor-331\" data-elementor-post-type=\"page\">\n\t\t\t\t\t\t\t\t\t<section class=\"elementor-section elementor-top-section elementor-element elementor-element-74a6389 elementor-section-boxed elementor-section-height-default elementor-section-height-default\" data-id=\"74a6389\" data-element_type=\"section\">\n\t\t\t\t\t\t<div class=\"elementor-container elementor-column-gap-default\">\n\t\t\t\t\t<div class=\"elementor-column elementor-col-50 elementor-top-column elementor-element elementor-element-339a431\" data-id=\"339a431\" data-element_type=\"column\">\n\t\t\t<div class=\"elementor-widget-wrap elementor-element-populated\">\n\t\t\t\t\t\t\t\t<div class=\"elementor-element elementor-element-7d09dcf elementor-grid-3 elementor-grid-tablet-2 elementor-grid-mobile-1 elementor-posts--thumbnail-top elementor-widget elementor-widget-posts\" data-id=\"7d09dcf\" data-element_type=\"widget\" data-settings=\"{&quot;classic_columns&quot;:&quot;3&quot;,&quot;classic_columns_tablet&quot;:&quot;2&quot;,&quot;classic_columns_mobile&quot;:&quot;1&quot;,&quot;classic_row_gap&quot;:{&quot;unit&quot;:&quot;px&quot;,&quot;size&quot;:35,&quot;sizes&quot;:[]},&quot;classic_row_gap_tablet&quot;:{&quot;unit&quot;:&quot;px&quot;,&quot;size&quot;:&quot;&quot;,&quot;sizes&quot;:[]},&quot;classic_row_gap_mobile&quot;:{&quot;unit&quot;:&quot;px&quot;,&quot;size&quot;:&quot;&quot;,&quot;sizes&quot;:[]}}\" data-widget_type=\"posts.classic\">\n\t\t\t\t<div class=\"elementor-widget-container\">\n\t\t\t<link rel=\"stylesheet\" href=\"https:\/\/02.work.loveangel1337.ovh\/wp-content\/plugins\/elementor-pro\/assets\/css\/widget-posts.min.css\">\t\t<div class=\"elementor-posts-container elementor-posts elementor-posts--skin-classic elementor-grid\">\n\t\t\t\t<article class=\"elementor-post elementor-grid-item post-90 post type-post status-publish format-standard has-post-thumbnail hentry category-juridique entry has-media owp-thumbs-layout-horizontal owp-btn-normal owp-tabs-layout-horizontal has-no-thumbnails has-product-nav\">\n\t\t\t\t<a class=\"elementor-post__thumbnail__link\" href=\"https:\/\/02.work.loveangel1337.ovh\/index.php\/2023\/09\/13\/%f0%9f%9b%b4la-reglementation-de-la-circulation-des-trottinettes-electriques-se-durcit-2-2-2\/\" tabindex=\"-1\" >\n\t\t\t<div class=\"elementor-post__thumbnail\"><img loading=\"lazy\" decoding=\"async\" width=\"300\" height=\"200\" src=\"https:\/\/02.work.loveangel1337.ovh\/wp-content\/uploads\/2023\/09\/602113162.png\" class=\"attachment-medium size-medium wp-image-88\" alt=\"\" \/><\/div>\n\t\t<\/a>\n\t\t\t\t<div class=\"elementor-post__text\">\n\t\t\t\t<h3 class=\"elementor-post__title\">\n\t\t\t<a href=\"https:\/\/02.work.loveangel1337.ovh\/index.php\/2023\/09\/13\/%f0%9f%9b%b4la-reglementation-de-la-circulation-des-trottinettes-electriques-se-durcit-2-2-2\/\" >\n\t\t\t\tFixe ou variable, quel taux d\u2019int\u00e9r\u00eat choisir pour votre emprunt ?\t\t\t<\/a>\n\t\t<\/h3>\n\t\t\t\t<div class=\"elementor-post__meta-data\">\n\t\t\t\t\t<span class=\"elementor-post-date\">\n\t\t\t13 septembre 2023\t\t<\/span>\n\t\t\t\t<span class=\"elementor-post-avatar\">\n\t\t\tAucun commentaire\t\t<\/span>\n\t\t\t\t<\/div>\n\t\t\t\t<div class=\"elementor-post__excerpt\">\n\t\t\t<p>Bercy Infos, 8 septembre 2023 Il existe de nombreux types de taux d\u2019int\u00e9r\u00eat : simple, r\u00e9el ou nominal, fixe, variable\u2026 Pour les emprunteurs, le choix<\/p>\n\t\t<\/div>\n\t\t\n\t\t<a class=\"elementor-post__read-more\" href=\"https:\/\/02.work.loveangel1337.ovh\/index.php\/2023\/09\/13\/%f0%9f%9b%b4la-reglementation-de-la-circulation-des-trottinettes-electriques-se-durcit-2-2-2\/\" aria-label=\"Read more about Fixe ou variable, quel taux d\u2019int\u00e9r\u00eat choisir pour votre emprunt ?\" tabindex=\"-1\" >\n\t\t\tLire la suite \u00bb\t\t<\/a>\n\n\t\t\t\t<\/div>\n\t\t\t\t<\/article>\n\t\t\t\t<article class=\"elementor-post elementor-grid-item post-67 post type-post status-publish format-standard has-post-thumbnail hentry category-non-classe entry has-media owp-thumbs-layout-horizontal owp-btn-normal owp-tabs-layout-horizontal has-no-thumbnails has-product-nav\">\n\t\t\t\t<a class=\"elementor-post__thumbnail__link\" href=\"https:\/\/02.work.loveangel1337.ovh\/index.php\/2023\/09\/13\/%f0%9f%9b%b4la-reglementation-de-la-circulation-des-trottinettes-electriques-se-durcit-2-2\/\" tabindex=\"-1\" >\n\t\t\t<div class=\"elementor-post__thumbnail\"><img loading=\"lazy\" decoding=\"async\" width=\"300\" height=\"200\" src=\"https:\/\/02.work.loveangel1337.ovh\/wp-content\/uploads\/2023\/09\/614652832.png\" class=\"attachment-medium size-medium wp-image-68\" alt=\"\" \/><\/div>\n\t\t<\/a>\n\t\t\t\t<div class=\"elementor-post__text\">\n\t\t\t\t<h3 class=\"elementor-post__title\">\n\t\t\t<a href=\"https:\/\/02.work.loveangel1337.ovh\/index.php\/2023\/09\/13\/%f0%9f%9b%b4la-reglementation-de-la-circulation-des-trottinettes-electriques-se-durcit-2-2\/\" >\n\t\t\t\tIJ maternit\u00e9\u00a0: la dur\u00e9e d&rsquo;affiliation n\u00e9cessaire r\u00e9duite \u00e0 6 mois\t\t\t<\/a>\n\t\t<\/h3>\n\t\t\t\t<div class=\"elementor-post__meta-data\">\n\t\t\t\t\t<span class=\"elementor-post-date\">\n\t\t\t13 septembre 2023\t\t<\/span>\n\t\t\t\t<span class=\"elementor-post-avatar\">\n\t\t\tAucun commentaire\t\t<\/span>\n\t\t\t\t<\/div>\n\t\t\t\t<div class=\"elementor-post__excerpt\">\n\t\t\t<p>D\u00e9cret 2023-790 du 17.08.2023 &#8211; Art. D623-8 CSS Afin de se conformer au droit europ\u00e9en, un d\u00e9cret r\u00e9duit \u00e0 6 mois la dur\u00e9e d&rsquo;affiliation n\u00e9cessaire<\/p>\n\t\t<\/div>\n\t\t\n\t\t<a class=\"elementor-post__read-more\" href=\"https:\/\/02.work.loveangel1337.ovh\/index.php\/2023\/09\/13\/%f0%9f%9b%b4la-reglementation-de-la-circulation-des-trottinettes-electriques-se-durcit-2-2\/\" aria-label=\"Read more about IJ maternit\u00e9\u00a0: la dur\u00e9e d&rsquo;affiliation n\u00e9cessaire r\u00e9duite \u00e0 6 mois\" tabindex=\"-1\" >\n\t\t\tLire la suite \u00bb\t\t<\/a>\n\n\t\t\t\t<\/div>\n\t\t\t\t<\/article>\n\t\t\t\t<article class=\"elementor-post elementor-grid-item post-43 post type-post status-publish format-standard has-post-thumbnail hentry category-juridique entry has-media owp-thumbs-layout-horizontal owp-btn-normal owp-tabs-layout-horizontal has-no-thumbnails has-product-nav\">\n\t\t\t\t<a class=\"elementor-post__thumbnail__link\" href=\"https:\/\/02.work.loveangel1337.ovh\/index.php\/2023\/09\/13\/%f0%9f%9b%b4la-reglementation-de-la-circulation-des-trottinettes-electriques-se-durcit-2\/\" tabindex=\"-1\" >\n\t\t\t<div class=\"elementor-post__thumbnail\"><img loading=\"lazy\" decoding=\"async\" width=\"300\" height=\"190\" src=\"https:\/\/02.work.loveangel1337.ovh\/wp-content\/uploads\/2023\/09\/598607977.png\" class=\"attachment-medium size-medium wp-image-44\" alt=\"\" \/><\/div>\n\t\t<\/a>\n\t\t\t\t<div class=\"elementor-post__text\">\n\t\t\t\t<h3 class=\"elementor-post__title\">\n\t\t\t<a href=\"https:\/\/02.work.loveangel1337.ovh\/index.php\/2023\/09\/13\/%f0%9f%9b%b4la-reglementation-de-la-circulation-des-trottinettes-electriques-se-durcit-2\/\" >\n\t\t\t\tEn ao\u00fbt\u00a02023, les prix \u00e0 la consommation augmentent de 4,8\u00a0% sur un an\t\t\t<\/a>\n\t\t<\/h3>\n\t\t\t\t<div class=\"elementor-post__meta-data\">\n\t\t\t\t\t<span class=\"elementor-post-date\">\n\t\t\t13 septembre 2023\t\t<\/span>\n\t\t\t\t<span class=\"elementor-post-avatar\">\n\t\t\tAucun commentaire\t\t<\/span>\n\t\t\t\t<\/div>\n\t\t\t\t<div class=\"elementor-post__excerpt\">\n\t\t\t<p>INSEE, Informations rapides n\u00b0 218, 31 ao\u00fbt 2023 Sur un an, selon l\u2019estimation provisoire r\u00e9alis\u00e9e en fin de mois, les prix \u00e0 la consommation augmenteraient<\/p>\n\t\t<\/div>\n\t\t\n\t\t<a class=\"elementor-post__read-more\" href=\"https:\/\/02.work.loveangel1337.ovh\/index.php\/2023\/09\/13\/%f0%9f%9b%b4la-reglementation-de-la-circulation-des-trottinettes-electriques-se-durcit-2\/\" aria-label=\"Read more about En ao\u00fbt\u00a02023, les prix \u00e0 la consommation augmentent de 4,8\u00a0% sur un an\" tabindex=\"-1\" >\n\t\t\tLire la suite \u00bb\t\t<\/a>\n\n\t\t\t\t<\/div>\n\t\t\t\t<\/article>\n\t\t\t\t<article class=\"elementor-post elementor-grid-item post-37 post type-post status-publish format-standard has-post-thumbnail hentry category-non-classe entry has-media owp-thumbs-layout-horizontal owp-btn-normal owp-tabs-layout-horizontal has-no-thumbnails has-product-nav\">\n\t\t\t\t<a class=\"elementor-post__thumbnail__link\" href=\"https:\/\/02.work.loveangel1337.ovh\/index.php\/2023\/09\/13\/%f0%9f%9b%b4la-reglementation-de-la-circulation-des-trottinettes-electriques-se-durcit\/\" tabindex=\"-1\" >\n\t\t\t<div class=\"elementor-post__thumbnail\"><img loading=\"lazy\" decoding=\"async\" width=\"300\" height=\"200\" src=\"https:\/\/02.work.loveangel1337.ovh\/wp-content\/uploads\/2023\/09\/515656565.png\" class=\"attachment-medium size-medium wp-image-38\" alt=\"\" \/><\/div>\n\t\t<\/a>\n\t\t\t\t<div class=\"elementor-post__text\">\n\t\t\t\t<h3 class=\"elementor-post__title\">\n\t\t\t<a href=\"https:\/\/02.work.loveangel1337.ovh\/index.php\/2023\/09\/13\/%f0%9f%9b%b4la-reglementation-de-la-circulation-des-trottinettes-electriques-se-durcit\/\" >\n\t\t\t\t?La r\u00e8glementation de la circulation des trottinettes \u00e9lectriques se durcit\u00a0!\t\t\t<\/a>\n\t\t<\/h3>\n\t\t\t\t<div class=\"elementor-post__meta-data\">\n\t\t\t\t\t<span class=\"elementor-post-date\">\n\t\t\t13 septembre 2023\t\t<\/span>\n\t\t\t\t<span class=\"elementor-post-avatar\">\n\t\t\tAucun commentaire\t\t<\/span>\n\t\t\t\t<\/div>\n\t\t\t\t<div class=\"elementor-post__excerpt\">\n\t\t\t<p>Journal Officiel du 1er septembre 2023, D\u00e9cret n\u00b0 2023-848 du 31 ao\u00fbt 2023 Le d\u00e9cret met en \u0153uvre deux mesures du \u00ab Plan national pour<\/p>\n\t\t<\/div>\n\t\t\n\t\t<a class=\"elementor-post__read-more\" href=\"https:\/\/02.work.loveangel1337.ovh\/index.php\/2023\/09\/13\/%f0%9f%9b%b4la-reglementation-de-la-circulation-des-trottinettes-electriques-se-durcit\/\" aria-label=\"Read more about ?La r\u00e8glementation de la circulation des trottinettes \u00e9lectriques se durcit\u00a0!\" tabindex=\"-1\" >\n\t\t\tLire la suite \u00bb\t\t<\/a>\n\n\t\t\t\t<\/div>\n\t\t\t\t<\/article>\n\t\t\t\t<article class=\"elementor-post elementor-grid-item post-1 post type-post status-publish format-standard hentry category-non-classe entry owp-thumbs-layout-horizontal owp-btn-normal owp-tabs-layout-horizontal has-no-thumbnails has-product-nav\">\n\t\t\t\t<div class=\"elementor-post__text\">\n\t\t\t\t<h3 class=\"elementor-post__title\">\n\t\t\t<a href=\"https:\/\/02.work.loveangel1337.ovh\/index.php\/2023\/09\/05\/bonjour-tout-le-monde\/\" >\n\t\t\t\tBonjour tout le monde\u00a0!\t\t\t<\/a>\n\t\t<\/h3>\n\t\t\t\t<div class=\"elementor-post__meta-data\">\n\t\t\t\t\t<span class=\"elementor-post-date\">\n\t\t\t5 septembre 2023\t\t<\/span>\n\t\t\t\t<span class=\"elementor-post-avatar\">\n\t\t\tUn commentaire\t\t<\/span>\n\t\t\t\t<\/div>\n\t\t\t\t<div class=\"elementor-post__excerpt\">\n\t\t\t<p>Bienvenue sur WordPress. Ceci est votre premier article. Modifiez-le ou supprimez-le, puis commencez \u00e0 \u00e9crire\u00a0!<\/p>\n\t\t<\/div>\n\t\t\n\t\t<a class=\"elementor-post__read-more\" href=\"https:\/\/02.work.loveangel1337.ovh\/index.php\/2023\/09\/05\/bonjour-tout-le-monde\/\" aria-label=\"Read more about Bonjour tout le monde\u00a0!\" tabindex=\"-1\" >\n\t\t\tLire la suite \u00bb\t\t<\/a>\n\n\t\t\t\t<\/div>\n\t\t\t\t<\/article>\n\t\t\t\t<\/div>\n\t\t\n\t\t\t\t<\/div>\n\t\t\t\t<\/div>\n\t\t\t\t\t<\/div>\n\t\t<\/div>\n\t\t\t\t<div class=\"elementor-column elementor-col-50 elementor-top-column elementor-element elementor-element-683720f\" data-id=\"683720f\" data-element_type=\"column\">\n\t\t\t<div class=\"elementor-widget-wrap elementor-element-populated\">\n\t\t\t\t\t\t\t\t<div class=\"elementor-element elementor-element-9040f67 elementor-widget elementor-widget-wp-widget-search\" data-id=\"9040f67\" data-element_type=\"widget\" data-widget_type=\"wp-widget-search.default\">\n\t\t\t\t<div class=\"elementor-widget-container\">\n\t\t\t\n<form aria-label=\"Rechercher sur ce site\" role=\"search\" method=\"get\" class=\"searchform\" action=\"https:\/\/02.work.loveangel1337.ovh\/\">\t\n\t<input aria-label=\"Ins\u00e9rer une requ\u00eate de recherche\" type=\"search\" id=\"ocean-search-form-1\" class=\"field\" autocomplete=\"off\" placeholder=\"Rechercher\" name=\"s\">\n\t\t<\/form>\n\t\t<\/div>\n\t\t\t\t<\/div>\n\t\t\t\t<div class=\"elementor-element elementor-element-bb4de62 elementor-widget elementor-widget-wp-widget-categories\" data-id=\"bb4de62\" data-element_type=\"widget\" data-widget_type=\"wp-widget-categories.default\">\n\t\t\t\t<div class=\"elementor-widget-container\">\n\t\t\t<h5>Cat\u00e9gories<\/h5>\n\t\t\t<ul>\n\t\t\t\t\t<li class=\"cat-item cat-item-3\"><a href=\"https:\/\/02.work.loveangel1337.ovh\/index.php\/category\/juridique\/\">JURIDIQUE<\/a>\n<\/li>\n\t<li class=\"cat-item cat-item-1\"><a href=\"https:\/\/02.work.loveangel1337.ovh\/index.php\/category\/non-classe\/\">Non class\u00e9<\/a>\n<\/li>\n\t\t\t<\/ul>\n\n\t\t\t\t\t<\/div>\n\t\t\t\t<\/div>\n\t\t\t\t\t<\/div>\n\t\t<\/div>\n\t\t\t\t\t\t\t<\/div>\n\t\t<\/section>\n\t\t\t\t\t\t\t<\/div>\n\t\t","protected":false},"excerpt":{"rendered":"","protected":false},"author":1,"featured_media":0,"parent":0,"menu_order":0,"comment_status":"closed","ping_status":"closed","template":"","meta":{"footnotes":""},"class_list":["post-331","page","type-page","status-publish","hentry","entry","owp-thumbs-layout-horizontal","owp-btn-normal","owp-tabs-layout-horizontal","has-no-thumbnails","has-product-nav"],"_links":{"self":[{"href":"https:\/\/02.work.loveangel1337.ovh\/index.php\/wp-json\/wp\/v2\/pages\/331","targetHints":{"allow":["GET"]}}],"collection":[{"href":"https:\/\/02.work.loveangel1337.ovh\/index.php\/wp-json\/wp\/v2\/pages"}],"about":[{"href":"https:\/\/02.work.loveangel1337.ovh\/index.php\/wp-json\/wp\/v2\/types\/page"}],"author":[{"embeddable":true,"href":"https:\/\/02.work.loveangel1337.ovh\/index.php\/wp-json\/wp\/v2\/users\/1"}],"replies":[{"embeddable":true,"href":"https:\/\/02.work.loveangel1337.ovh\/index.php\/wp-json\/wp\/v2\/comments?post=331"}],"version-history":[{"count":10,"href":"https:\/\/02.work.loveangel1337.ovh\/index.php\/wp-json\/wp\/v2\/pages\/331\/revisions"}],"predecessor-version":[{"id":1329,"href":"https:\/\/02.work.loveangel1337.ovh\/index.php\/wp-json\/wp\/v2\/pages\/331\/revisions\/1329"}],"wp:attachment":[{"href":"https:\/\/02.work.loveangel1337.ovh\/index.php\/wp-json\/wp\/v2\/media?parent=331"}],"curies":[{"name":"wp","href":"https:\/\/api.w.org\/{rel}","templated":true}]}}