{"id":325,"date":"2023-09-20T08:24:26","date_gmt":"2023-09-20T06:24:26","guid":{"rendered":"https:\/\/www.acocia-agaps.com\/?page_id=325"},"modified":"2023-10-21T14:09:20","modified_gmt":"2023-10-21T12:09:20","slug":"offres-de-services","status":"publish","type":"page","link":"https:\/\/02.work.loveangel1337.ovh\/index.php\/offres-de-services\/","title":{"rendered":"Offres de services"},"content":{"rendered":"\t\t<div data-elementor-type=\"wp-page\" data-elementor-id=\"325\" class=\"elementor elementor-325\" data-elementor-post-type=\"page\">\n\t\t\t\t\t\t\t\t\t<section class=\"elementor-section elementor-top-section elementor-element elementor-element-b63f375 elementor-section-boxed elementor-section-height-default elementor-section-height-default\" data-id=\"b63f375\" data-element_type=\"section\">\n\t\t\t\t\t\t<div class=\"elementor-container elementor-column-gap-default\">\n\t\t\t\t\t<div class=\"elementor-column elementor-col-100 elementor-top-column elementor-element elementor-element-4c5d105\" data-id=\"4c5d105\" data-element_type=\"column\">\n\t\t\t<div class=\"elementor-widget-wrap elementor-element-populated\">\n\t\t\t\t\t\t\t\t<div class=\"elementor-element elementor-element-62faefe elementor-widget elementor-widget-text-editor\" data-id=\"62faefe\" data-element_type=\"widget\" data-widget_type=\"text-editor.default\">\n\t\t\t\t<div class=\"elementor-widget-container\">\n\t\t\t<style>\/*! elementor - v3.17.0 - 25-10-2023 *\/\n.elementor-widget-text-editor.elementor-drop-cap-view-stacked .elementor-drop-cap{background-color:#69727d;color:#fff}.elementor-widget-text-editor.elementor-drop-cap-view-framed .elementor-drop-cap{color:#69727d;border:3px solid;background-color:transparent}.elementor-widget-text-editor:not(.elementor-drop-cap-view-default) .elementor-drop-cap{margin-top:8px}.elementor-widget-text-editor:not(.elementor-drop-cap-view-default) .elementor-drop-cap-letter{width:1em;height:1em}.elementor-widget-text-editor .elementor-drop-cap{float:left;text-align:center;line-height:1;font-size:50px}.elementor-widget-text-editor .elementor-drop-cap-letter{display:inline-block}<\/style>\t\t\t\t<h1 style=\"text-align: center;\">Un accompagnement personnalis\u00e9 pour piloter au mieux votre activit\u00e9 lib\u00e9rale de la cr\u00e9ation \u00e0 la transmission de votre cabinet<\/h1><h3 style=\"text-align: center;\">ACOCIA-AGAPS vous apporte tous les services dont vous avez besoin.<\/h3><h3 style=\"text-align: center;\"><br \/>\u00c0 vous de choisir ceux qui correspondent le mieux \u00e0 vos besoins et \u00e0 votre profil\u00a0!<\/h3>\t\t\t\t\t\t<\/div>\n\t\t\t\t<\/div>\n\t\t\t\t\t<\/div>\n\t\t<\/div>\n\t\t\t\t\t\t\t<\/div>\n\t\t<\/section>\n\t\t\t\t<section class=\"elementor-section elementor-top-section elementor-element elementor-element-12398cf elementor-section-boxed elementor-section-height-default elementor-section-height-default\" data-id=\"12398cf\" data-element_type=\"section\">\n\t\t\t\t\t\t<div class=\"elementor-container elementor-column-gap-default\">\n\t\t\t\t\t<div class=\"elementor-column elementor-col-100 elementor-top-column elementor-element elementor-element-65060bd\" data-id=\"65060bd\" data-element_type=\"column\">\n\t\t\t<div class=\"elementor-widget-wrap elementor-element-populated\">\n\t\t\t\t\t\t\t\t<div class=\"elementor-element elementor-element-ebc4d0c elementor-widget elementor-widget-shortcode\" data-id=\"ebc4d0c\" data-element_type=\"widget\" data-widget_type=\"shortcode.default\">\n\t\t\t\t<div class=\"elementor-widget-container\">\n\t\t\t\t\t<div class=\"elementor-shortcode\"><div class=\"woocommerce\">\t\t\t<div class=\"single-product\" data-product-page-preselected-id=\"0\">\n\t\t\t\t\r\n<div id=\"product-1384\" class=\"entry has-media owp-thumbs-layout-horizontal owp-btn-normal owp-tabs-layout-horizontal has-no-thumbnails has-product-nav product type-product post-1384 status-publish first instock product_cat-cotisation-de-base product_tag-cotisation-de-base has-post-thumbnail virtual sold-individually purchasable product-type-simple\">\r\n\r\n\t\t\t<div data-elementor-type=\"product\" data-elementor-id=\"1480\" class=\"elementor elementor-1480 elementor-location-single post-1384 product type-product status-publish has-post-thumbnail hentry product_cat-cotisation-de-base product_tag-cotisation-de-base entry has-media has-product-nav col span_1_of_3 owp-content-center owp-thumbs-layout-horizontal owp-btn-normal owp-tabs-layout-horizontal has-no-thumbnails product\" data-elementor-post-type=\"elementor_library\">\n\t\t\t\t\t\t\t\t<section class=\"elementor-section elementor-top-section elementor-element elementor-element-16f142a elementor-section-boxed elementor-section-height-default elementor-section-height-default\" data-id=\"16f142a\" data-element_type=\"section\">\n\t\t\t\t\t\t<div class=\"elementor-container elementor-column-gap-default\">\n\t\t\t\t\t<div class=\"elementor-column elementor-col-50 elementor-top-column elementor-element elementor-element-ca24f08\" data-id=\"ca24f08\" data-element_type=\"column\">\n\t\t\t<div class=\"elementor-widget-wrap elementor-element-populated\">\n\t\t\t\t\t\t\t\t<div class=\"elementor-element elementor-element-e37fe9a elementor-widget elementor-widget-woocommerce-product-images\" data-id=\"e37fe9a\" data-element_type=\"widget\" data-widget_type=\"woocommerce-product-images.default\">\n\t\t\t\t<div class=\"elementor-widget-container\">\n\t\t\t<link rel=\"stylesheet\" href=\"https:\/\/02.work.loveangel1337.ovh\/wp-content\/plugins\/elementor-pro\/assets\/css\/widget-woocommerce.min.css\"><div class=\"woocommerce-product-gallery woocommerce-product-gallery--with-images woocommerce-product-gallery--columns-4 images\" data-columns=\"4\" style=\"opacity: 0; transition: opacity .25s ease-in-out;\">\n\t\t<figure class=\"woocommerce-product-gallery__wrapper\">\n\t\t<div data-thumb=\"https:\/\/02.work.loveangel1337.ovh\/wp-content\/uploads\/2023\/10\/Qui-Sommens-nous-Acocia-Encadre-150x150.png\" data-thumb-alt=\"\" class=\"woocommerce-product-gallery__image\"><a href=\"https:\/\/02.work.loveangel1337.ovh\/wp-content\/uploads\/2023\/10\/Qui-Sommens-nous-Acocia-Encadre.png\"><img loading=\"lazy\" decoding=\"async\" width=\"550\" height=\"550\" src=\"https:\/\/02.work.loveangel1337.ovh\/wp-content\/uploads\/2023\/10\/Qui-Sommens-nous-Acocia-Encadre.png\" class=\"wp-post-image\" alt=\"\" title=\"Qui Sommens-nous-Acocia-Encadre\" data-caption=\"\" data-src=\"https:\/\/02.work.loveangel1337.ovh\/wp-content\/uploads\/2023\/10\/Qui-Sommens-nous-Acocia-Encadre.png\" data-large_image=\"https:\/\/02.work.loveangel1337.ovh\/wp-content\/uploads\/2023\/10\/Qui-Sommens-nous-Acocia-Encadre.png\" data-large_image_width=\"550\" data-large_image_height=\"550\" srcset=\"https:\/\/02.work.loveangel1337.ovh\/wp-content\/uploads\/2023\/10\/Qui-Sommens-nous-Acocia-Encadre.png 550w, https:\/\/02.work.loveangel1337.ovh\/wp-content\/uploads\/2023\/10\/Qui-Sommens-nous-Acocia-Encadre-300x300.png 300w, https:\/\/02.work.loveangel1337.ovh\/wp-content\/uploads\/2023\/10\/Qui-Sommens-nous-Acocia-Encadre-150x150.png 150w\" sizes=\"auto, (max-width: 550px) 100vw, 550px\" \/><\/a><\/div>\t<\/figure>\n<\/div>\n\t\t<\/div>\n\t\t\t\t<\/div>\n\t\t\t\t<div class=\"elementor-element elementor-element-3b76771 elementor-widget elementor-widget-woocommerce-product-price\" data-id=\"3b76771\" data-element_type=\"widget\" data-widget_type=\"woocommerce-product-price.default\">\n\t\t\t\t<div class=\"elementor-widget-container\">\n\t\t\t<p class=\"price\"><span class=\"woocommerce-Price-amount amount\"><bdi>60,00&nbsp;<span class=\"woocommerce-Price-currencySymbol\">&euro;<\/span><\/bdi><\/span><\/p>\n\t\t<\/div>\n\t\t\t\t<\/div>\n\t\t\t\t<div class=\"elementor-element elementor-element-d677c38 elementor-woo-meta--view-inline elementor-widget elementor-widget-woocommerce-product-meta\" data-id=\"d677c38\" data-element_type=\"widget\" data-widget_type=\"woocommerce-product-meta.default\">\n\t\t\t\t<div class=\"elementor-widget-container\">\n\t\t\t\t\t<div class=\"product_meta\">\n\n\t\t\t\n\t\t\t\n\t\t\t\t\t\t\t<span class=\"posted_in detail-container\"><span class=\"detail-label\">Cat\u00e9gorie<\/span> <span class=\"detail-content\"><a href=\"https:\/\/02.work.loveangel1337.ovh\/index.php\/categorie-produit\/cotisation-de-base\/\" rel=\"tag\">Cotisation de base<\/a><\/span><\/span>\n\t\t\t\n\t\t\t\t\t\t\t<span class=\"tagged_as detail-container\"><span class=\"detail-label\">\u00c9tiquette<\/span> <span class=\"detail-content\"><a href=\"https:\/\/02.work.loveangel1337.ovh\/index.php\/etiquette-produit\/cotisation-de-base\/\" rel=\"tag\">Cotisation de base<\/a><\/span><\/span>\n\t\t\t\n\t\t\t\n\t\t<\/div>\n\t\t\t\t<\/div>\n\t\t\t\t<\/div>\n\t\t\t\t<div class=\"elementor-element elementor-element-fd5ca0e e-add-to-cart--show-quantity-yes elementor-widget elementor-widget-woocommerce-product-add-to-cart\" data-id=\"fd5ca0e\" data-element_type=\"widget\" data-widget_type=\"woocommerce-product-add-to-cart.default\">\n\t\t\t\t<div class=\"elementor-widget-container\">\n\t\t\t\n\t\t<div class=\"elementor-add-to-cart elementor-product-simple\">\n\t\t\t\t\t<\/div>\n\n\t\t\t\t<\/div>\n\t\t\t\t<\/div>\n\t\t\t\t\t<\/div>\n\t\t<\/div>\n\t\t\t\t<div class=\"elementor-column elementor-col-50 elementor-top-column elementor-element elementor-element-c2f8a51\" data-id=\"c2f8a51\" data-element_type=\"column\">\n\t\t\t<div class=\"elementor-widget-wrap elementor-element-populated\">\n\t\t\t\t\t\t\t\t<div class=\"elementor-element elementor-element-5d563c3 elementor-widget elementor-widget-woocommerce-product-title elementor-page-title elementor-widget-heading\" data-id=\"5d563c3\" data-element_type=\"widget\" data-widget_type=\"woocommerce-product-title.default\">\n\t\t\t\t<div class=\"elementor-widget-container\">\n\t\t\t<style>\/*! elementor - v3.17.0 - 25-10-2023 *\/\n.elementor-heading-title{padding:0;margin:0;line-height:1}.elementor-widget-heading .elementor-heading-title[class*=elementor-size-]>a{color:inherit;font-size:inherit;line-height:inherit}.elementor-widget-heading .elementor-heading-title.elementor-size-small{font-size:15px}.elementor-widget-heading .elementor-heading-title.elementor-size-medium{font-size:19px}.elementor-widget-heading .elementor-heading-title.elementor-size-large{font-size:29px}.elementor-widget-heading .elementor-heading-title.elementor-size-xl{font-size:39px}.elementor-widget-heading .elementor-heading-title.elementor-size-xxl{font-size:59px}<\/style><h1 class=\"product_title entry-title elementor-heading-title elementor-size-default\">L\u2019adh\u00e9sion de base<\/h1>\t\t<\/div>\n\t\t\t\t<\/div>\n\t\t\t\t<div class=\"elementor-element elementor-element-270b5ee elementor-widget elementor-widget-woocommerce-product-short-description\" data-id=\"270b5ee\" data-element_type=\"widget\" data-widget_type=\"woocommerce-product-short-description.default\">\n\t\t\t\t<div class=\"elementor-widget-container\">\n\t\t\t<div class=\"woocommerce-product-details__short-description\">\n\t<p style=\"text-align: left;\">C\u2019est la premi\u00e8re \u00e9tape !<br \/>\nCette adh\u00e9sion couvre :<\/p>\n<ul style=\"text-align: left;\">\n<li>Les frais de gestion administrative de votre dossier.<\/li>\n<li>Les frais de t\u00e9l\u00e9transmission de vos d\u00e9clarations.<\/li>\n<\/ul>\n<\/div>\n\t\t<\/div>\n\t\t\t\t<\/div>\n\t\t\t\t\t<\/div>\n\t\t<\/div>\n\t\t\t\t\t\t\t<\/div>\n\t\t<\/section>\n\t\t\t\t\t\t<\/div>\n\t\t<\/div>\r\n\r\n\t\t\t<\/div>\n\t\t\t\t\t\t<div class=\"single-product\" data-product-page-preselected-id=\"0\">\n\t\t\t\t\r\n<div id=\"product-1384\" class=\"entry has-media has-product-nav col span_1_of_3 owp-content-center owp-thumbs-layout-horizontal owp-btn-normal owp-tabs-layout-horizontal has-no-thumbnails product type-product post-1384 status-publish instock product_cat-cotisation-de-base product_tag-cotisation-de-base has-post-thumbnail virtual sold-individually purchasable product-type-simple\">\r\n\r\n\t<\/div>\r\n\r\n\t\t\t<\/div>\n\t\t\t<\/div><\/div>\n\t\t\t\t<\/div>\n\t\t\t\t<\/div>\n\t\t\t\t\t<\/div>\n\t\t<\/div>\n\t\t\t\t\t\t\t<\/div>\n\t\t<\/section>\n\t\t\t\t<section class=\"elementor-section elementor-top-section elementor-element elementor-element-136f3ba elementor-section-boxed elementor-section-height-default elementor-section-height-default\" data-id=\"136f3ba\" data-element_type=\"section\">\n\t\t\t\t\t\t<div class=\"elementor-container elementor-column-gap-default\">\n\t\t\t\t\t<div class=\"elementor-column elementor-col-100 elementor-top-column elementor-element elementor-element-4b2bec2\" data-id=\"4b2bec2\" data-element_type=\"column\">\n\t\t\t<div class=\"elementor-widget-wrap elementor-element-populated\">\n\t\t\t\t\t\t\t\t<div class=\"elementor-element elementor-element-ea55254 elementor-widget elementor-widget-shortcode\" data-id=\"ea55254\" data-element_type=\"widget\" data-widget_type=\"shortcode.default\">\n\t\t\t\t<div class=\"elementor-widget-container\">\n\t\t\t\t\t<div class=\"elementor-shortcode\"><div class=\"woocommerce\">\t\t\t<div class=\"single-product\" data-product-page-preselected-id=\"0\">\n\t\t\t\t\r\n<div id=\"product-1385\" class=\"entry has-media has-product-nav col span_1_of_3 owp-content-center owp-thumbs-layout-horizontal owp-btn-normal owp-tabs-layout-horizontal has-no-thumbnails product type-product post-1385 status-publish last instock product_cat-non-classe has-post-thumbnail shipping-taxable purchasable product-type-simple\">\r\n\r\n\t\n\t\t\t<div class=\"owp-product-nav-wrap clr\">\n\t\t\t\t<ul class=\"owp-product-nav\">\n\t\t\t\t\t\n\t\t\t\t<li class=\"next-li\">\n\t\t\t\t\t<a href=\"https:\/\/02.work.loveangel1337.ovh\/index.php\/produit\/le-logiciel-easybnc\/\" class=\"owp-nav-text next-text\">Produit suivant<\/a>\n\t\t\t\t\t<a href=\"https:\/\/02.work.loveangel1337.ovh\/index.php\/produit\/le-logiciel-easybnc\/\" class=\"owp-nav-link next\" rel=\"next\" aria-label=\"Voir le prochain produit\"><i class=\" fa fa-angle-right\" aria-hidden=\"true\" role=\"img\"><\/i><\/i><\/a>\n\t\t\t\t\t<div class=\"owp-nav-thumb\">\n\t\t\t\t\t\t<a title=\"Le logiciel EASYBNC\" href=\"https:\/\/02.work.loveangel1337.ovh\/index.php\/produit\/le-logiciel-easybnc\/\"><img loading=\"lazy\" decoding=\"async\" width=\"360\" height=\"399\" src=\"https:\/\/02.work.loveangel1337.ovh\/wp-content\/uploads\/2023\/10\/Verification-Controle.png\" class=\"attachment-shop_thumbnail size-shop_thumbnail wp-post-image\" alt=\"\" srcset=\"https:\/\/02.work.loveangel1337.ovh\/wp-content\/uploads\/2023\/10\/Verification-Controle.png 360w, https:\/\/02.work.loveangel1337.ovh\/wp-content\/uploads\/2023\/10\/Verification-Controle-271x300.png 271w\" sizes=\"auto, (max-width: 360px) 100vw, 360px\" \/><\/a>\n\t\t\t\t\t<\/div>\n\t\t\t\t<\/li>\n\n\t\t\t\t\t\t\t\t<\/ul>\n\t\t\t<\/div>\n\n\t\t\t\r\n\t\t<div class=\"summary entry-summary\">\r\n\t\t\t\n<h2 class=\"single-post-title product_title entry-title\" itemprop=\"name\">L\u2019assistance et le conseil<\/h2>\n<p class=\"price\"><span class=\"woocommerce-Price-amount amount\"><bdi>300,00&nbsp;<span class=\"woocommerce-Price-currencySymbol\">&euro;<\/span><\/bdi><\/span><\/p>\n<div class=\"woocommerce-product-details__short-description\">\n\t<p>Avec ce service, vous obtenez par t\u00e9l\u00e9phone, par mail ou sur rendez-vous, des solutions et des r\u00e9ponses \u00e0 vos interrogations en mati\u00e8re comptable et fiscale et nous vous aiderons \u00e0 faire des choix pour certaines d\u00e9cisions de gestion.<\/p>\n<\/div>\n<div class=\"product_meta\">\n\n\t\n\t\n\t<span class=\"posted_in\">Category: <a href=\"https:\/\/02.work.loveangel1337.ovh\/index.php\/categorie-produit\/non-classe\/\" rel=\"tag\">Non class\u00e9<\/a><\/span>\n\t\n\t\n<\/div>\n\t\t<\/div>\r\n\r\n\t\t<div class=\"clear-after-summary clr\"><\/div><\/div>\r\n\r\n\t\t\t<\/div>\n\t\t\t<\/div><\/div>\n\t\t\t\t<\/div>\n\t\t\t\t<\/div>\n\t\t\t\t\t<\/div>\n\t\t<\/div>\n\t\t\t\t\t\t\t<\/div>\n\t\t<\/section>\n\t\t\t\t<section class=\"elementor-section elementor-top-section elementor-element elementor-element-9c21232 elementor-section-boxed elementor-section-height-default elementor-section-height-default\" data-id=\"9c21232\" data-element_type=\"section\">\n\t\t\t\t\t\t<div class=\"elementor-container elementor-column-gap-default\">\n\t\t\t\t\t<div class=\"elementor-column elementor-col-100 elementor-top-column elementor-element elementor-element-1466416\" data-id=\"1466416\" data-element_type=\"column\">\n\t\t\t<div class=\"elementor-widget-wrap elementor-element-populated\">\n\t\t\t\t\t\t\t\t<div class=\"elementor-element elementor-element-cec441c elementor-widget elementor-widget-shortcode\" data-id=\"cec441c\" data-element_type=\"widget\" data-widget_type=\"shortcode.default\">\n\t\t\t\t<div class=\"elementor-widget-container\">\n\t\t\t\t\t<div class=\"elementor-shortcode\"><div class=\"woocommerce\">\t\t\t<div class=\"single-product\" data-product-page-preselected-id=\"0\">\n\t\t\t\t\r\n<div id=\"product-1513\" class=\"entry has-media has-product-nav col span_1_of_3 owp-content-center owp-thumbs-layout-horizontal owp-btn-normal owp-tabs-layout-horizontal has-no-thumbnails product type-product post-1513 status-publish first instock product_cat-non-classe has-post-thumbnail shipping-taxable purchasable product-type-simple\">\r\n\r\n\t\n\t\t\t<div class=\"owp-product-nav-wrap clr\">\n\t\t\t\t<ul class=\"owp-product-nav\">\n\t\t\t\t\t\n\t\t\t\t<li class=\"prev-li\">\n\t\t\t\t<a href=\"https:\/\/02.work.loveangel1337.ovh\/index.php\/produit\/accompagnement\/\" class=\"owp-nav-link prev\" rel=\"next\" aria-label=\"Voir le produit pr\u00e9c\u00e9dent\"><i class=\" fa fa-angle-left\" aria-hidden=\"true\" role=\"img\"><\/i><\/a>\n\t\t\t\t\t<a href=\"https:\/\/02.work.loveangel1337.ovh\/index.php\/produit\/accompagnement\/\" class=\"owp-nav-text prev-text\">Produit pr\u00e9c\u00e9dent<\/a>\n\t\t\t\t\t<div class=\"owp-nav-thumb\">\n\t\t\t\t\t\t<a title=\"L\u2019assistance et le conseil\" href=\"https:\/\/02.work.loveangel1337.ovh\/index.php\/produit\/accompagnement\/\"><img loading=\"lazy\" decoding=\"async\" width=\"360\" height=\"399\" src=\"https:\/\/02.work.loveangel1337.ovh\/wp-content\/uploads\/2023\/10\/Verification-Controle.png\" class=\"attachment-shop_thumbnail size-shop_thumbnail wp-post-image\" alt=\"\" srcset=\"https:\/\/02.work.loveangel1337.ovh\/wp-content\/uploads\/2023\/10\/Verification-Controle.png 360w, https:\/\/02.work.loveangel1337.ovh\/wp-content\/uploads\/2023\/10\/Verification-Controle-271x300.png 271w\" sizes=\"auto, (max-width: 360px) 100vw, 360px\" \/><\/a>\n\t\t\t\t\t<\/div>\n\t\t\t\t<\/li>\n\n\t\t\t\t\t\t\t\t<\/ul>\n\t\t\t<\/div>\n\n\t\t\t\r\n\t\t<div class=\"summary entry-summary\">\r\n\t\t\t\n<h2 class=\"single-post-title product_title entry-title\" itemprop=\"name\">Le logiciel EASYBNC<\/h2>\n<p class=\"price\"><span class=\"woocommerce-Price-amount amount\"><bdi>120,00&nbsp;<span class=\"woocommerce-Price-currencySymbol\">&euro;<\/span><\/bdi><\/span><\/p>\n<div class=\"woocommerce-product-details__short-description\">\n\t<p>e logiciel EasyBNC a \u00e9t\u00e9 con\u00e7u pour des \u00ab\u00a0non comptables\u00a0\u00bb\u00a0! Il vous permet de tenir vous-m\u00eame, tr\u00e8s facilement, votre comptabilit\u00e9. Il est simple, pratique et intuitif.<\/p>\n<\/div>\n<div class=\"product_meta\">\n\n\t\n\t\n\t<span class=\"posted_in\">Category: <a href=\"https:\/\/02.work.loveangel1337.ovh\/index.php\/categorie-produit\/non-classe\/\" rel=\"tag\">Non class\u00e9<\/a><\/span>\n\t\n\t\n<\/div>\n\t\t<\/div>\r\n\r\n\t\t<div class=\"clear-after-summary clr\"><\/div><\/div>\r\n\r\n\t\t\t<\/div>\n\t\t\t<\/div><\/div>\n\t\t\t\t<\/div>\n\t\t\t\t<\/div>\n\t\t\t\t\t<\/div>\n\t\t<\/div>\n\t\t\t\t\t\t\t<\/div>\n\t\t<\/section>\n\t\t\t\t\t\t\t<\/div>\n\t\t","protected":false},"excerpt":{"rendered":"<p>Un accompagnement personnalis\u00e9 pour piloter au mieux votre activit\u00e9 lib\u00e9rale de la cr\u00e9ation \u00e0 la transmission de votre cabinet ACOCIA-AGAPS vous apporte tous les services dont vous avez besoin. \u00c0 vous de choisir ceux qui correspondent le mieux \u00e0 vos besoins et \u00e0 votre profil\u00a0!<\/p>\n","protected":false},"author":1,"featured_media":0,"parent":0,"menu_order":0,"comment_status":"closed","ping_status":"closed","template":"","meta":{"footnotes":""},"class_list":["post-325","page","type-page","status-publish","hentry","entry","has-media","has-product-nav","col","span_1_of_3","owp-content-center","owp-thumbs-layout-horizontal","owp-btn-normal","owp-tabs-layout-horizontal","has-no-thumbnails"],"_links":{"self":[{"href":"https:\/\/02.work.loveangel1337.ovh\/index.php\/wp-json\/wp\/v2\/pages\/325","targetHints":{"allow":["GET"]}}],"collection":[{"href":"https:\/\/02.work.loveangel1337.ovh\/index.php\/wp-json\/wp\/v2\/pages"}],"about":[{"href":"https:\/\/02.work.loveangel1337.ovh\/index.php\/wp-json\/wp\/v2\/types\/page"}],"author":[{"embeddable":true,"href":"https:\/\/02.work.loveangel1337.ovh\/index.php\/wp-json\/wp\/v2\/users\/1"}],"replies":[{"embeddable":true,"href":"https:\/\/02.work.loveangel1337.ovh\/index.php\/wp-json\/wp\/v2\/comments?post=325"}],"version-history":[{"count":61,"href":"https:\/\/02.work.loveangel1337.ovh\/index.php\/wp-json\/wp\/v2\/pages\/325\/revisions"}],"predecessor-version":[{"id":1524,"href":"https:\/\/02.work.loveangel1337.ovh\/index.php\/wp-json\/wp\/v2\/pages\/325\/revisions\/1524"}],"wp:attachment":[{"href":"https:\/\/02.work.loveangel1337.ovh\/index.php\/wp-json\/wp\/v2\/media?parent=325"}],"curies":[{"name":"wp","href":"https:\/\/api.w.org\/{rel}","templated":true}]}}