{"id":1078,"date":"2023-10-15T14:57:14","date_gmt":"2023-10-15T12:57:14","guid":{"rendered":"https:\/\/www.acocia-agaps.com\/?page_id=1078"},"modified":"2023-10-18T20:49:01","modified_gmt":"2023-10-18T18:49:01","slug":"mentions-legales","status":"publish","type":"page","link":"https:\/\/02.work.loveangel1337.ovh\/index.php\/mentions-legales\/","title":{"rendered":"Mentions l\u00e9gales"},"content":{"rendered":"\t\t<div data-elementor-type=\"wp-page\" data-elementor-id=\"1078\" class=\"elementor elementor-1078\" data-elementor-post-type=\"page\">\n\t\t\t\t\t\t\t\t\t<section class=\"elementor-section elementor-top-section elementor-element elementor-element-5559b13 elementor-section-stretched elementor-section-boxed elementor-section-height-default elementor-section-height-default\" data-id=\"5559b13\" data-element_type=\"section\" data-settings=\"{&quot;stretch_section&quot;:&quot;section-stretched&quot;,&quot;background_background&quot;:&quot;classic&quot;}\">\n\t\t\t\t\t\t<div class=\"elementor-container elementor-column-gap-default\">\n\t\t\t\t\t<div class=\"elementor-column elementor-col-33 elementor-top-column elementor-element elementor-element-d54c947\" data-id=\"d54c947\" data-element_type=\"column\">\n\t\t\t<div class=\"elementor-widget-wrap elementor-element-populated\">\n\t\t\t\t\t\t\t\t<div class=\"elementor-element elementor-element-e86f248 elementor-flip-box--direction-right elementor-widget__width-initial elementor-flip-box--effect-flip elementor-widget elementor-widget-flip-box\" data-id=\"e86f248\" data-element_type=\"widget\" data-widget_type=\"flip-box.default\">\n\t\t\t\t<div class=\"elementor-widget-container\">\n\t\t\t<link rel=\"stylesheet\" href=\"https:\/\/02.work.loveangel1337.ovh\/wp-content\/plugins\/elementor-pro\/assets\/css\/widget-flip-box.min.css\">\t\t<div class=\"elementor-flip-box\" tabindex=\"0\">\n\t\t\t<div class=\"elementor-flip-box__layer elementor-flip-box__front\">\n\t\t\t\t<div class=\"elementor-flip-box__layer__overlay\">\n\t\t\t\t\t<div class=\"elementor-flip-box__layer__inner\">\n\t\t\t\t\t\t\t\t\t\t\t\t\t<div class=\"elementor-icon-wrapper elementor-view-default\">\n\t\t\t\t\t\t\t\t<div class=\"elementor-icon\">\n\t\t\t\t\t\t\t\t\t\t\t\t\t\t\t\t\t<\/div>\n\t\t\t\t\t\t\t<\/div>\n\t\t\t\t\t\t\n\t\t\t\t\t\t\n\t\t\t\t\t\t\t\t\t\t\t<\/div>\n\t\t\t\t<\/div>\n\t\t\t<\/div>\n\t\t\t<div class=\"elementor-flip-box__layer elementor-flip-box__back\">\n\t\t\t<div class=\"elementor-flip-box__layer__overlay\">\n\t\t\t\t<div class=\"elementor-flip-box__layer__inner\">\n\t\t\t\t\t\n\t\t\t\t\t\n\t\t\t\t\t\t\t\t<\/div>\n\t\t<\/div>\n\t\t<\/div>\n\t\t<\/div>\n\t\t\t\t<\/div>\n\t\t\t\t<\/div>\n\t\t\t\t\t<\/div>\n\t\t<\/div>\n\t\t\t\t<div class=\"elementor-column elementor-col-66 elementor-top-column elementor-element elementor-element-4734315\" data-id=\"4734315\" data-element_type=\"column\">\n\t\t\t<div class=\"elementor-widget-wrap elementor-element-populated\">\n\t\t\t\t\t\t\t\t<div class=\"elementor-element elementor-element-082c6ed poster elementor-widget elementor-widget-text-editor\" data-id=\"082c6ed\" data-element_type=\"widget\" data-widget_type=\"text-editor.default\">\n\t\t\t\t<div class=\"elementor-widget-container\">\n\t\t\t<style>\/*! elementor - v3.17.0 - 25-10-2023 *\/\n.elementor-widget-text-editor.elementor-drop-cap-view-stacked .elementor-drop-cap{background-color:#69727d;color:#fff}.elementor-widget-text-editor.elementor-drop-cap-view-framed .elementor-drop-cap{color:#69727d;border:3px solid;background-color:transparent}.elementor-widget-text-editor:not(.elementor-drop-cap-view-default) .elementor-drop-cap{margin-top:8px}.elementor-widget-text-editor:not(.elementor-drop-cap-view-default) .elementor-drop-cap-letter{width:1em;height:1em}.elementor-widget-text-editor .elementor-drop-cap{float:left;text-align:center;line-height:1;font-size:50px}.elementor-widget-text-editor .elementor-drop-cap-letter{display:inline-block}<\/style>\t\t\t\t<ul><li>D\u00e9nomination sociale : ACOCIA-AGAPS.<\/li><li>Forme sociale : <strong>Association Loi 1901 d\u00e9clar\u00e9e en Pr\u00e9fecture de Police de Paris.<\/strong><\/li><li>Num\u00e9ro SIRET SIREN: <strong>905 298 634<\/strong><\/li><li>Num\u00e9ro de d\u00e9claration : Cf LH<\/li><li>Num\u00e9ro d&rsquo;agr\u00e9ment : <strong>206.757<\/strong><\/li><li>Si\u00e8ge social : <strong>37, Rue de Lyon &#8211; 75012 Paris<\/strong><\/li><li>Email : <strong>contact@acocia-agaps.com<\/strong><\/li><li>T\u00e9l\u00e9phone : <strong>01.53.67.01.01<\/strong><\/li><li>Directeur de publication : <strong>Monsieur Philippe Denoyelle, Pr\u00e9sident<\/strong><\/li><li>H\u00e9bergeur : <strong>SARL IDEEPC PRO<\/strong>, 16 rue du Parc Royal &#8211; 75003, Paris Email : contact@ideepcpro.fr T\u00e9l\u00e9phone : 01.48.87.13.99<\/li><\/ul>\t\t\t\t\t\t<\/div>\n\t\t\t\t<\/div>\n\t\t\t\t\t<\/div>\n\t\t<\/div>\n\t\t\t\t\t\t\t<\/div>\n\t\t<\/section>\n\t\t\t\t\t\t\t<\/div>\n\t\t","protected":false},"excerpt":{"rendered":"<p>D\u00e9nomination sociale : ACOCIA-AGAPS. Forme sociale : Association Loi 1901 d\u00e9clar\u00e9e en Pr\u00e9fecture de Police de Paris. Num\u00e9ro SIRET SIREN: 905 298 634 Num\u00e9ro de d\u00e9claration : Cf LH Num\u00e9ro d&rsquo;agr\u00e9ment : 206.757 Si\u00e8ge social : 37, Rue de Lyon &#8211; 75012 Paris Email : contact@acocia-agaps.com T\u00e9l\u00e9phone : 01.53.67.01.01 Directeur de publication : Monsieur Philippe [&hellip;]<\/p>\n","protected":false},"author":1,"featured_media":0,"parent":0,"menu_order":0,"comment_status":"closed","ping_status":"closed","template":"","meta":{"footnotes":""},"class_list":["post-1078","page","type-page","status-publish","hentry","entry","owp-thumbs-layout-horizontal","owp-btn-normal","owp-tabs-layout-horizontal","has-no-thumbnails","has-product-nav"],"_links":{"self":[{"href":"https:\/\/02.work.loveangel1337.ovh\/index.php\/wp-json\/wp\/v2\/pages\/1078","targetHints":{"allow":["GET"]}}],"collection":[{"href":"https:\/\/02.work.loveangel1337.ovh\/index.php\/wp-json\/wp\/v2\/pages"}],"about":[{"href":"https:\/\/02.work.loveangel1337.ovh\/index.php\/wp-json\/wp\/v2\/types\/page"}],"author":[{"embeddable":true,"href":"https:\/\/02.work.loveangel1337.ovh\/index.php\/wp-json\/wp\/v2\/users\/1"}],"replies":[{"embeddable":true,"href":"https:\/\/02.work.loveangel1337.ovh\/index.php\/wp-json\/wp\/v2\/comments?post=1078"}],"version-history":[{"count":16,"href":"https:\/\/02.work.loveangel1337.ovh\/index.php\/wp-json\/wp\/v2\/pages\/1078\/revisions"}],"predecessor-version":[{"id":1423,"href":"https:\/\/02.work.loveangel1337.ovh\/index.php\/wp-json\/wp\/v2\/pages\/1078\/revisions\/1423"}],"wp:attachment":[{"href":"https:\/\/02.work.loveangel1337.ovh\/index.php\/wp-json\/wp\/v2\/media?parent=1078"}],"curies":[{"name":"wp","href":"https:\/\/api.w.org\/{rel}","templated":true}]}}